{"id":22,"date":"2024-05-21T05:04:19","date_gmt":"2024-05-21T05:04:19","guid":{"rendered":"https:\/\/cosion.themeori.com\/?page_id=22"},"modified":"2025-05-05T13:44:58","modified_gmt":"2025-05-05T16:44:58","slug":"servicos","status":"publish","type":"page","link":"https:\/\/rhexpert.com.br\/site\/servicos\/","title":{"rendered":"Servi\u00e7os"},"content":{"rendered":"\t\t<div data-elementor-type=\"wp-page\" data-elementor-id=\"22\" class=\"elementor elementor-22\">\n\t\t\t\t\t\t<section class=\"elementor-section elementor-top-section elementor-element elementor-element-0c6b77a elementor-section-boxed elementor-section-height-default elementor-section-height-default\" data-id=\"0c6b77a\" data-element_type=\"section\" data-e-type=\"section\">\n\t\t\t\t\t\t<div class=\"elementor-container elementor-column-gap-custom\">\n\t\t\t\t\t<div class=\"elementor-column elementor-col-33 elementor-top-column elementor-element elementor-element-a25138c\" data-id=\"a25138c\" data-element_type=\"column\" data-e-type=\"column\">\n\t\t\t<div class=\"elementor-widget-wrap elementor-element-populated\">\n\t\t\t\t\t\t<div class=\"elementor-element elementor-element-c701090 elementor-widget elementor-widget-flexitype-icon-box\" data-id=\"c701090\" data-element_type=\"widget\" data-e-type=\"widget\" data-widget_type=\"flexitype-icon-box.default\">\n\t\t\t\t<div class=\"elementor-widget-container\">\n\t\t\t\t\t\r\n        <div class=\"icon__box-item  \">\r\n                                        <div class=\"icon__box-item-overlay\"><\/div>\r\n                                                            <div class=\"icon__box-item-icon\">\r\n                        <i aria-hidden=\"true\" class=\"flaticon flaticon-business-intelligence\"><\/i>                                            <\/div>\r\n                                        <div class=\"icon__box-item-content\">\r\n                <div class=\"title\">\r\n                                            <h5>\r\n                            Suporte T\u00e9cnico Protheus RH                        <\/h5>\r\n                                                                <p>Atendimento especializado para resolver qualquer problema no sistema<\/p>\n                                    <\/div>\r\n                            <\/div>\r\n        <\/div>\r\n\r\n        \t\t\t\t<\/div>\n\t\t\t\t<\/div>\n\t\t\t\t<div class=\"elementor-element elementor-element-f21fb6d elementor-widget elementor-widget-flexitype-icon-box\" data-id=\"f21fb6d\" data-element_type=\"widget\" data-e-type=\"widget\" data-widget_type=\"flexitype-icon-box.default\">\n\t\t\t\t<div class=\"elementor-widget-container\">\n\t\t\t\t\t\r\n        <div class=\"icon__box-item  \">\r\n                                        <div class=\"icon__box-item-overlay\"><\/div>\r\n                                                            <div class=\"icon__box-item-icon\">\r\n                        <i aria-hidden=\"true\" class=\"flaticon flaticon-exploration\"><\/i>                                            <\/div>\r\n                                        <div class=\"icon__box-item-content\">\r\n                <div class=\"title\">\r\n                                            <h5>\r\n                            Treinamentos Completos para sua Equipe                        <\/h5>\r\n                                                                <p>Capacitamos seus colaboradores para que sua empresa utilize o Protheus com efici\u00eancia m\u00e1xima.<\/p>\n                                    <\/div>\r\n                            <\/div>\r\n        <\/div>\r\n\r\n        \t\t\t\t<\/div>\n\t\t\t\t<\/div>\n\t\t\t\t\t<\/div>\n\t\t<\/div>\n\t\t\t\t<div class=\"elementor-column elementor-col-33 elementor-top-column elementor-element elementor-element-0b65153\" data-id=\"0b65153\" data-element_type=\"column\" data-e-type=\"column\">\n\t\t\t<div class=\"elementor-widget-wrap elementor-element-populated\">\n\t\t\t\t\t\t<div class=\"elementor-element elementor-element-5188287 elementor-widget elementor-widget-flexitype-icon-box\" data-id=\"5188287\" data-element_type=\"widget\" data-e-type=\"widget\" data-widget_type=\"flexitype-icon-box.default\">\n\t\t\t\t<div class=\"elementor-widget-container\">\n\t\t\t\t\t\r\n        <div class=\"icon__box-item  \">\r\n                                        <div class=\"icon__box-item-overlay\"><\/div>\r\n                                                            <div class=\"icon__box-item-icon\">\r\n                        <i aria-hidden=\"true\" class=\"flaticon flaticon-portfolio-1\"><\/i>                                            <\/div>\r\n                                        <div class=\"icon__box-item-content\">\r\n                <div class=\"title\">\r\n                                            <h5>\r\n                            Implanta\u00e7\u00e3o do Protheus RH                        <\/h5>\r\n                                                                <p>Configura\u00e7\u00e3o e ajustes para sua empresa usar o sistema de forma eficiente<\/p>\n                                    <\/div>\r\n                            <\/div>\r\n        <\/div>\r\n\r\n        \t\t\t\t<\/div>\n\t\t\t\t<\/div>\n\t\t\t\t<div class=\"elementor-element elementor-element-d789fd6 elementor-widget elementor-widget-flexitype-icon-box\" data-id=\"d789fd6\" data-element_type=\"widget\" data-e-type=\"widget\" data-widget_type=\"flexitype-icon-box.default\">\n\t\t\t\t<div class=\"elementor-widget-container\">\n\t\t\t\t\t\r\n        <div class=\"icon__box-item  \">\r\n                                        <div class=\"icon__box-item-overlay\"><\/div>\r\n                                                            <div class=\"icon__box-item-icon\">\r\n                        <i aria-hidden=\"true\" class=\"flaticon flaticon-project-management\"><\/i>                                            <\/div>\r\n                                        <div class=\"icon__box-item-content\">\r\n                <div class=\"title\">\r\n                                            <h5>\r\n                            Desenvolvimento de Rotinas Personalizadas                        <\/h5>\r\n                                                                <p>Cria\u00e7\u00e3o de processos sob medida para otimizar sua opera\u00e7\u00e3o<\/p>\n                                    <\/div>\r\n                            <\/div>\r\n        <\/div>\r\n\r\n        \t\t\t\t<\/div>\n\t\t\t\t<\/div>\n\t\t\t\t\t<\/div>\n\t\t<\/div>\n\t\t\t\t<div class=\"elementor-column elementor-col-33 elementor-top-column elementor-element elementor-element-a5c30d2\" data-id=\"a5c30d2\" data-element_type=\"column\" data-e-type=\"column\">\n\t\t\t<div class=\"elementor-widget-wrap elementor-element-populated\">\n\t\t\t\t\t\t<div class=\"elementor-element elementor-element-efcd9d8 elementor-widget elementor-widget-flexitype-icon-box\" data-id=\"efcd9d8\" data-element_type=\"widget\" data-e-type=\"widget\" data-widget_type=\"flexitype-icon-box.default\">\n\t\t\t\t<div class=\"elementor-widget-container\">\n\t\t\t\t\t\r\n        <div class=\"icon__box-item  \">\r\n                                        <div class=\"icon__box-item-overlay\"><\/div>\r\n                                                            <div class=\"icon__box-item-icon\">\r\n                        <i aria-hidden=\"true\" class=\"flaticon flaticon-developing\"><\/i>                                            <\/div>\r\n                                        <div class=\"icon__box-item-content\">\r\n                <div class=\"title\">\r\n                                            <h5>\r\n                            Migra\u00e7\u00e3o de Vers\u00e3o                        <\/h5>\r\n                                                                <p>Transi\u00e7\u00e3o segura e eficiente entre vers\u00f5es do Protheus<\/p>\n                                    <\/div>\r\n                            <\/div>\r\n        <\/div>\r\n\r\n        \t\t\t\t<\/div>\n\t\t\t\t<\/div>\n\t\t\t\t\t<\/div>\n\t\t<\/div>\n\t\t\t\t\t<\/div>\n\t\t<\/section>\n\t\t\t\t<\/div>\n\t\t","protected":false},"excerpt":{"rendered":"<p>Suporte T\u00e9cnico Protheus RH Atendimento especializado para resolver qualquer problema no sistema Treinamentos Completos para sua Equipe Capacitamos seus colaboradores para que sua empresa utilize o Protheus com efici\u00eancia m\u00e1xima. Implanta\u00e7\u00e3o do Protheus RH Configura\u00e7\u00e3o e ajustes para sua empresa usar o sistema de forma eficiente Desenvolvimento de Rotinas Personalizadas Cria\u00e7\u00e3o de processos sob medida [&hellip;]<\/p>\n","protected":false},"author":1,"featured_media":0,"parent":0,"menu_order":0,"comment_status":"closed","ping_status":"closed","template":"page-builder.php","meta":{"footnotes":""},"class_list":["post-22","page","type-page","status-publish","hentry"],"yoast_head":"<!-- This site is optimized with the Yoast SEO plugin v27.2 - https:\/\/yoast.com\/product\/yoast-seo-wordpress\/ -->\n<title>Servi\u00e7os - RH Expert<\/title>\n<meta name=\"robots\" content=\"index, follow, max-snippet:-1, max-image-preview:large, max-video-preview:-1\" \/>\n<link rel=\"canonical\" href=\"https:\/\/rhexpert.com.br\/site\/servicos\/\" \/>\n<meta property=\"og:locale\" content=\"pt_BR\" \/>\n<meta property=\"og:type\" content=\"article\" \/>\n<meta property=\"og:title\" content=\"Servi\u00e7os - RH Expert\" \/>\n<meta property=\"og:description\" content=\"Suporte T\u00e9cnico Protheus RH Atendimento especializado para resolver qualquer problema no sistema Treinamentos Completos para sua Equipe Capacitamos seus colaboradores para que sua empresa utilize o Protheus com efici\u00eancia m\u00e1xima. Implanta\u00e7\u00e3o do Protheus RH Configura\u00e7\u00e3o e ajustes para sua empresa usar o sistema de forma eficiente Desenvolvimento de Rotinas Personalizadas Cria\u00e7\u00e3o de processos sob medida [&hellip;]\" \/>\n<meta property=\"og:url\" content=\"https:\/\/rhexpert.com.br\/site\/servicos\/\" \/>\n<meta property=\"og:site_name\" content=\"RH Expert\" \/>\n<meta property=\"article:modified_time\" content=\"2025-05-05T16:44:58+00:00\" \/>\n<meta name=\"twitter:card\" content=\"summary_large_image\" \/>\n<meta name=\"twitter:label1\" content=\"Est. tempo de leitura\" \/>\n\t<meta name=\"twitter:data1\" content=\"1 minuto\" \/>\n<script type=\"application\/ld+json\" class=\"yoast-schema-graph\">{\"@context\":\"https:\/\/schema.org\",\"@graph\":[{\"@type\":\"WebPage\",\"@id\":\"https:\/\/rhexpert.com.br\/site\/servicos\/\",\"url\":\"https:\/\/rhexpert.com.br\/site\/servicos\/\",\"name\":\"Servi\u00e7os - RH Expert\",\"isPartOf\":{\"@id\":\"https:\/\/rhexpert.com.br\/site\/#website\"},\"datePublished\":\"2024-05-21T05:04:19+00:00\",\"dateModified\":\"2025-05-05T16:44:58+00:00\",\"breadcrumb\":{\"@id\":\"https:\/\/rhexpert.com.br\/site\/servicos\/#breadcrumb\"},\"inLanguage\":\"pt-BR\",\"potentialAction\":[{\"@type\":\"ReadAction\",\"target\":[\"https:\/\/rhexpert.com.br\/site\/servicos\/\"]}]},{\"@type\":\"BreadcrumbList\",\"@id\":\"https:\/\/rhexpert.com.br\/site\/servicos\/#breadcrumb\",\"itemListElement\":[{\"@type\":\"ListItem\",\"position\":1,\"name\":\"In\u00edcio\",\"item\":\"https:\/\/rhexpert.com.br\/site\/\"},{\"@type\":\"ListItem\",\"position\":2,\"name\":\"Servi\u00e7os\"}]},{\"@type\":\"WebSite\",\"@id\":\"https:\/\/rhexpert.com.br\/site\/#website\",\"url\":\"https:\/\/rhexpert.com.br\/site\/\",\"name\":\"RH Expert\",\"description\":\"Solu\u00e7\u00f5es de RH\",\"publisher\":{\"@id\":\"https:\/\/rhexpert.com.br\/site\/#organization\"},\"potentialAction\":[{\"@type\":\"SearchAction\",\"target\":{\"@type\":\"EntryPoint\",\"urlTemplate\":\"https:\/\/rhexpert.com.br\/site\/?s={search_term_string}\"},\"query-input\":{\"@type\":\"PropertyValueSpecification\",\"valueRequired\":true,\"valueName\":\"search_term_string\"}}],\"inLanguage\":\"pt-BR\"},{\"@type\":\"Organization\",\"@id\":\"https:\/\/rhexpert.com.br\/site\/#organization\",\"name\":\"RH Expert\",\"url\":\"https:\/\/rhexpert.com.br\/site\/\",\"logo\":{\"@type\":\"ImageObject\",\"inLanguage\":\"pt-BR\",\"@id\":\"https:\/\/rhexpert.com.br\/site\/#\/schema\/logo\/image\/\",\"url\":\"https:\/\/rhexpert.com.br\/site\/wp-content\/uploads\/2025\/03\/IMG_0479-removebg-preview-2.png\",\"contentUrl\":\"https:\/\/rhexpert.com.br\/site\/wp-content\/uploads\/2025\/03\/IMG_0479-removebg-preview-2.png\",\"width\":72,\"height\":74,\"caption\":\"RH Expert\"},\"image\":{\"@id\":\"https:\/\/rhexpert.com.br\/site\/#\/schema\/logo\/image\/\"}}]}<\/script>\n<!-- \/ Yoast SEO plugin. -->","yoast_head_json":{"title":"Servi\u00e7os - RH Expert","robots":{"index":"index","follow":"follow","max-snippet":"max-snippet:-1","max-image-preview":"max-image-preview:large","max-video-preview":"max-video-preview:-1"},"canonical":"https:\/\/rhexpert.com.br\/site\/servicos\/","og_locale":"pt_BR","og_type":"article","og_title":"Servi\u00e7os - RH Expert","og_description":"Suporte T\u00e9cnico Protheus RH Atendimento especializado para resolver qualquer problema no sistema Treinamentos Completos para sua Equipe Capacitamos seus colaboradores para que sua empresa utilize o Protheus com efici\u00eancia m\u00e1xima. Implanta\u00e7\u00e3o do Protheus RH Configura\u00e7\u00e3o e ajustes para sua empresa usar o sistema de forma eficiente Desenvolvimento de Rotinas Personalizadas Cria\u00e7\u00e3o de processos sob medida [&hellip;]","og_url":"https:\/\/rhexpert.com.br\/site\/servicos\/","og_site_name":"RH Expert","article_modified_time":"2025-05-05T16:44:58+00:00","twitter_card":"summary_large_image","twitter_misc":{"Est. tempo de leitura":"1 minuto"},"schema":{"@context":"https:\/\/schema.org","@graph":[{"@type":"WebPage","@id":"https:\/\/rhexpert.com.br\/site\/servicos\/","url":"https:\/\/rhexpert.com.br\/site\/servicos\/","name":"Servi\u00e7os - RH Expert","isPartOf":{"@id":"https:\/\/rhexpert.com.br\/site\/#website"},"datePublished":"2024-05-21T05:04:19+00:00","dateModified":"2025-05-05T16:44:58+00:00","breadcrumb":{"@id":"https:\/\/rhexpert.com.br\/site\/servicos\/#breadcrumb"},"inLanguage":"pt-BR","potentialAction":[{"@type":"ReadAction","target":["https:\/\/rhexpert.com.br\/site\/servicos\/"]}]},{"@type":"BreadcrumbList","@id":"https:\/\/rhexpert.com.br\/site\/servicos\/#breadcrumb","itemListElement":[{"@type":"ListItem","position":1,"name":"In\u00edcio","item":"https:\/\/rhexpert.com.br\/site\/"},{"@type":"ListItem","position":2,"name":"Servi\u00e7os"}]},{"@type":"WebSite","@id":"https:\/\/rhexpert.com.br\/site\/#website","url":"https:\/\/rhexpert.com.br\/site\/","name":"RH Expert","description":"Solu\u00e7\u00f5es de RH","publisher":{"@id":"https:\/\/rhexpert.com.br\/site\/#organization"},"potentialAction":[{"@type":"SearchAction","target":{"@type":"EntryPoint","urlTemplate":"https:\/\/rhexpert.com.br\/site\/?s={search_term_string}"},"query-input":{"@type":"PropertyValueSpecification","valueRequired":true,"valueName":"search_term_string"}}],"inLanguage":"pt-BR"},{"@type":"Organization","@id":"https:\/\/rhexpert.com.br\/site\/#organization","name":"RH Expert","url":"https:\/\/rhexpert.com.br\/site\/","logo":{"@type":"ImageObject","inLanguage":"pt-BR","@id":"https:\/\/rhexpert.com.br\/site\/#\/schema\/logo\/image\/","url":"https:\/\/rhexpert.com.br\/site\/wp-content\/uploads\/2025\/03\/IMG_0479-removebg-preview-2.png","contentUrl":"https:\/\/rhexpert.com.br\/site\/wp-content\/uploads\/2025\/03\/IMG_0479-removebg-preview-2.png","width":72,"height":74,"caption":"RH Expert"},"image":{"@id":"https:\/\/rhexpert.com.br\/site\/#\/schema\/logo\/image\/"}}]}},"_links":{"self":[{"href":"https:\/\/rhexpert.com.br\/site\/wp-json\/wp\/v2\/pages\/22","targetHints":{"allow":["GET"]}}],"collection":[{"href":"https:\/\/rhexpert.com.br\/site\/wp-json\/wp\/v2\/pages"}],"about":[{"href":"https:\/\/rhexpert.com.br\/site\/wp-json\/wp\/v2\/types\/page"}],"author":[{"embeddable":true,"href":"https:\/\/rhexpert.com.br\/site\/wp-json\/wp\/v2\/users\/1"}],"replies":[{"embeddable":true,"href":"https:\/\/rhexpert.com.br\/site\/wp-json\/wp\/v2\/comments?post=22"}],"version-history":[{"count":13,"href":"https:\/\/rhexpert.com.br\/site\/wp-json\/wp\/v2\/pages\/22\/revisions"}],"predecessor-version":[{"id":6806,"href":"https:\/\/rhexpert.com.br\/site\/wp-json\/wp\/v2\/pages\/22\/revisions\/6806"}],"wp:attachment":[{"href":"https:\/\/rhexpert.com.br\/site\/wp-json\/wp\/v2\/media?parent=22"}],"curies":[{"name":"wp","href":"https:\/\/api.w.org\/{rel}","templated":true}]}}