{"id":21,"date":"2024-05-21T05:04:14","date_gmt":"2024-05-21T05:04:14","guid":{"rendered":"https:\/\/cosion.themeori.com\/?page_id=21"},"modified":"2025-04-28T14:51:59","modified_gmt":"2025-04-28T17:51:59","slug":"contato","status":"publish","type":"page","link":"https:\/\/rhexpert.com.br\/site\/contato\/","title":{"rendered":"Contato"},"content":{"rendered":"\t\t<div data-elementor-type=\"wp-page\" data-elementor-id=\"21\" class=\"elementor elementor-21\">\n\t\t\t\t\t\t<section class=\"elementor-section elementor-top-section elementor-element elementor-element-fab584a elementor-section-boxed elementor-section-height-default elementor-section-height-default\" data-id=\"fab584a\" data-element_type=\"section\" data-e-type=\"section\">\n\t\t\t\t\t\t<div class=\"elementor-container elementor-column-gap-default\">\n\t\t\t\t\t<div class=\"elementor-column elementor-col-50 elementor-top-column elementor-element elementor-element-e3dca8f\" data-id=\"e3dca8f\" data-element_type=\"column\" data-e-type=\"column\" data-settings=\"{&quot;background_background&quot;:&quot;classic&quot;}\">\n\t\t\t<div class=\"elementor-widget-wrap elementor-element-populated\">\n\t\t\t\t\t\t<div class=\"elementor-element elementor-element-068f05e elementor-widget__width-auto elementor-icon-list--layout-traditional elementor-list-item-link-full_width elementor-widget elementor-widget-icon-list\" data-id=\"068f05e\" data-element_type=\"widget\" data-e-type=\"widget\" data-widget_type=\"icon-list.default\">\n\t\t\t\t<div class=\"elementor-widget-container\">\n\t\t\t\t\t\t\t<ul class=\"elementor-icon-list-items\">\n\t\t\t\t\t\t\t<li class=\"elementor-icon-list-item\">\n\t\t\t\t\t\t\t\t\t\t\t<span class=\"elementor-icon-list-icon\">\n\t\t\t\t\t\t\t<svg aria-hidden=\"true\" class=\"e-font-icon-svg e-fas-circle\" viewBox=\"0 0 512 512\" xmlns=\"http:\/\/www.w3.org\/2000\/svg\"><path d=\"M256 8C119 8 8 119 8 256s111 248 248 248 248-111 248-248S393 8 256 8z\"><\/path><\/svg>\t\t\t\t\t\t<\/span>\n\t\t\t\t\t\t\t\t\t\t<span class=\"elementor-icon-list-text\">Iniciar uma Conversa<\/span>\n\t\t\t\t\t\t\t\t\t<\/li>\n\t\t\t\t\t\t<\/ul>\n\t\t\t\t\t\t<\/div>\n\t\t\t\t<\/div>\n\t\t\t\t<div class=\"elementor-element elementor-element-f79a6b6 elementor-widget elementor-widget-heading\" data-id=\"f79a6b6\" data-element_type=\"widget\" data-e-type=\"widget\" data-widget_type=\"heading.default\">\n\t\t\t\t<div class=\"elementor-widget-container\">\n\t\t\t\t\t<h2 class=\"elementor-heading-title elementor-size-default\">Entre em Contato Agora<\/h2>\t\t\t\t<\/div>\n\t\t\t\t<\/div>\n\t\t\t\t<div class=\"elementor-element elementor-element-61a0801 elementor-widget elementor-widget-heading\" data-id=\"61a0801\" data-element_type=\"widget\" data-e-type=\"widget\" data-widget_type=\"heading.default\">\n\t\t\t\t<div class=\"elementor-widget-container\">\n\t\t\t\t\t<p class=\"elementor-heading-title elementor-size-default\">Precisa de aconselhamento personalizado? Nossa equipe dedicada est\u00e1 aqui para ajudar voc\u00ea. Entre em contato hoje mesmo para receber suporte especializado e solu\u00e7\u00f5es sob medida para suas necessidades.<\/p>\t\t\t\t<\/div>\n\t\t\t\t<\/div>\n\t\t\t\t<div class=\"elementor-element elementor-element-5d80625 elementor-widget elementor-widget-flexitype-contact-form7\" data-id=\"5d80625\" data-element_type=\"widget\" data-e-type=\"widget\" data-widget_type=\"flexitype-contact-form7.default\">\n\t\t\t\t<div class=\"elementor-widget-container\">\n\t\t\t\t\t        <div class=\"flexitype-contact-form-wrapper\">\r\n            \n<div class=\"wpcf7 no-js\" id=\"wpcf7-f594-o1\" lang=\"en-US\" dir=\"ltr\" data-wpcf7-id=\"594\">\n<div class=\"screen-reader-response\"><p role=\"status\" aria-live=\"polite\" aria-atomic=\"true\"><\/p> <ul><\/ul><\/div>\n<form action=\"\/site\/wp-json\/wp\/v2\/pages\/21#wpcf7-f594-o1\" method=\"post\" class=\"wpcf7-form init\" aria-label=\"Contact form\" novalidate=\"novalidate\" data-status=\"init\">\n<div style=\"display: none;\">\n<input type=\"hidden\" name=\"_wpcf7\" value=\"594\" \/>\n<input type=\"hidden\" name=\"_wpcf7_version\" value=\"6.0.6\" \/>\n<input type=\"hidden\" name=\"_wpcf7_locale\" value=\"en_US\" \/>\n<input type=\"hidden\" name=\"_wpcf7_unit_tag\" value=\"wpcf7-f594-o1\" \/>\n<input type=\"hidden\" name=\"_wpcf7_container_post\" value=\"0\" \/>\n<input type=\"hidden\" name=\"_wpcf7_posted_data_hash\" value=\"\" \/>\n<input type=\"hidden\" name=\"_wpcf7_recaptcha_response\" value=\"\" \/>\n<\/div>\n<div class=\"row contact-form\">\n\t<div class=\"col-md-6\">\n\t\t<span class=\"wpcf7-form-control-wrap\" data-name=\"your-name\"><input size=\"40\" maxlength=\"400\" class=\"wpcf7-form-control wpcf7-text wpcf7-validates-as-required\" aria-required=\"true\" aria-invalid=\"false\" placeholder=\"Nome\" value=\"\" type=\"text\" name=\"your-name\" \/><\/span>\n\t<\/div>\n\t<div class=\"col-md-6 md-25\">\n\t\t<span class=\"wpcf7-form-control-wrap\" data-name=\"your-email\"><input size=\"40\" maxlength=\"400\" class=\"wpcf7-form-control wpcf7-email wpcf7-validates-as-required wpcf7-text wpcf7-validates-as-email\" aria-required=\"true\" aria-invalid=\"false\" placeholder=\"E-mail\" value=\"\" type=\"email\" name=\"your-email\" \/><\/span>\n\t<\/div>\n       <div class=\"col-md-6\">\n\t\t<span class=\"wpcf7-form-control-wrap\" data-name=\"your-phone\"><input size=\"40\" maxlength=\"400\" class=\"wpcf7-form-control wpcf7-text wpcf7-validates-as-required\" aria-required=\"true\" aria-invalid=\"false\" placeholder=\"Telefone\" value=\"\" type=\"text\" name=\"your-phone\" \/><\/span>\n\t<\/div>\n\t<div class=\"col-md-6 md-25\">\n\t\t<span class=\"wpcf7-form-control-wrap\" data-name=\"subject\"><input size=\"40\" maxlength=\"400\" class=\"wpcf7-form-control wpcf7-text wpcf7-validates-as-required\" aria-required=\"true\" aria-invalid=\"false\" placeholder=\"Assunto\" value=\"\" type=\"text\" name=\"subject\" \/><\/span>\n\t<\/div>\n\t<div class=\"col-lg-12\">\n\t\t<span class=\"wpcf7-form-control-wrap\" data-name=\"textarea\"><textarea cols=\"40\" rows=\"10\" maxlength=\"2000\" class=\"wpcf7-form-control wpcf7-textarea wpcf7-validates-as-required\" aria-required=\"true\" aria-invalid=\"false\" placeholder=\"Mensagem\" name=\"textarea\"><\/textarea><\/span>\n\t<\/div>\n\t<div class=\"col-lg-12\">\n\t<input class=\"wpcf7-form-control wpcf7-submit has-spinner\" type=\"submit\" value=\"Enviar Agora\" \/>\n\t<\/div>\n<\/div><div class=\"wpcf7-response-output\" aria-hidden=\"true\"><\/div>\n<\/form>\n<\/div>\n        <\/div>\r\n        \t\t\t\t<\/div>\n\t\t\t\t<\/div>\n\t\t\t\t\t<\/div>\n\t\t<\/div>\n\t\t\t\t<div class=\"elementor-column elementor-col-50 elementor-top-column elementor-element elementor-element-a0acee7\" data-id=\"a0acee7\" data-element_type=\"column\" data-e-type=\"column\">\n\t\t\t<div class=\"elementor-widget-wrap elementor-element-populated\">\n\t\t\t\t\t\t<div class=\"elementor-element elementor-element-98d4c39 elementor-widget elementor-widget-flexitype-icon-box\" data-id=\"98d4c39\" data-element_type=\"widget\" data-e-type=\"widget\" data-widget_type=\"flexitype-icon-box.default\">\n\t\t\t\t<div class=\"elementor-widget-container\">\n\t\t\t\t\t\r\n        <div class=\"icon__box-item  \">\r\n                                                                        <div class=\"icon__box-item-icon\">\r\n                        <i aria-hidden=\"true\" class=\"flaticon flaticon-email\"><\/i>                                            <\/div>\r\n                                        <div class=\"icon__box-item-content\">\r\n                <div class=\"title\">\r\n                                            <h5>\r\n                            Endere\u00e7o de E-mail                        <\/h5>\r\n                                                                <p>contato@rhexpert.com.br<\/p>\n                                    <\/div>\r\n                            <\/div>\r\n        <\/div>\r\n\r\n        \t\t\t\t<\/div>\n\t\t\t\t<\/div>\n\t\t\t\t<div class=\"elementor-element elementor-element-c4549a9 elementor-widget elementor-widget-flexitype-icon-box\" data-id=\"c4549a9\" data-element_type=\"widget\" data-e-type=\"widget\" data-widget_type=\"flexitype-icon-box.default\">\n\t\t\t\t<div class=\"elementor-widget-container\">\n\t\t\t\t\t\r\n        <div class=\"icon__box-item  \">\r\n                                                                        <div class=\"icon__box-item-icon\">\r\n                        <i aria-hidden=\"true\" class=\"flaticon flaticon-telephone-call\"><\/i>                                            <\/div>\r\n                                        <div class=\"icon__box-item-content\">\r\n                <div class=\"title\">\r\n                                            <h5>\r\n                            Telefone                        <\/h5>\r\n                                                                <p>+55 21 99878-8080<\/p>\n                                    <\/div>\r\n                            <\/div>\r\n        <\/div>\r\n\r\n        \t\t\t\t<\/div>\n\t\t\t\t<\/div>\n\t\t\t\t\t<\/div>\n\t\t<\/div>\n\t\t\t\t\t<\/div>\n\t\t<\/section>\n\t\t\t\t<\/div>\n\t\t","protected":false},"excerpt":{"rendered":"<p>Iniciar uma Conversa Entre em Contato Agora Precisa de aconselhamento personalizado? Nossa equipe dedicada est\u00e1 aqui para ajudar voc\u00ea. Entre em contato hoje mesmo para receber suporte especializado e solu\u00e7\u00f5es sob medida para suas necessidades. Endere\u00e7o de E-mail contato@rhexpert.com.br Telefone +55 21 99878-8080<\/p>\n","protected":false},"author":1,"featured_media":0,"parent":0,"menu_order":0,"comment_status":"closed","ping_status":"closed","template":"page-builder.php","meta":{"footnotes":""},"class_list":["post-21","page","type-page","status-publish","hentry"],"yoast_head":"<!-- This site is optimized with the Yoast SEO plugin v27.2 - https:\/\/yoast.com\/product\/yoast-seo-wordpress\/ -->\n<title>Contato - RH Expert<\/title>\n<meta name=\"robots\" content=\"index, follow, max-snippet:-1, max-image-preview:large, max-video-preview:-1\" \/>\n<link rel=\"canonical\" href=\"https:\/\/rhexpert.com.br\/site\/contato\/\" \/>\n<meta property=\"og:locale\" content=\"pt_BR\" \/>\n<meta property=\"og:type\" content=\"article\" \/>\n<meta property=\"og:title\" content=\"Contato - RH Expert\" \/>\n<meta property=\"og:description\" content=\"Iniciar uma Conversa Entre em Contato Agora Precisa de aconselhamento personalizado? Nossa equipe dedicada est\u00e1 aqui para ajudar voc\u00ea. Entre em contato hoje mesmo para receber suporte especializado e solu\u00e7\u00f5es sob medida para suas necessidades. Endere\u00e7o de E-mail contato@rhexpert.com.br Telefone +55 21 99878-8080\" \/>\n<meta property=\"og:url\" content=\"https:\/\/rhexpert.com.br\/site\/contato\/\" \/>\n<meta property=\"og:site_name\" content=\"RH Expert\" \/>\n<meta property=\"article:modified_time\" content=\"2025-04-28T17:51:59+00:00\" \/>\n<meta name=\"twitter:card\" content=\"summary_large_image\" \/>\n<meta name=\"twitter:label1\" content=\"Est. tempo de leitura\" \/>\n\t<meta name=\"twitter:data1\" content=\"1 minuto\" \/>\n<script type=\"application\/ld+json\" class=\"yoast-schema-graph\">{\"@context\":\"https:\/\/schema.org\",\"@graph\":[{\"@type\":\"WebPage\",\"@id\":\"https:\/\/rhexpert.com.br\/site\/contato\/\",\"url\":\"https:\/\/rhexpert.com.br\/site\/contato\/\",\"name\":\"Contato - RH Expert\",\"isPartOf\":{\"@id\":\"https:\/\/rhexpert.com.br\/site\/#website\"},\"datePublished\":\"2024-05-21T05:04:14+00:00\",\"dateModified\":\"2025-04-28T17:51:59+00:00\",\"breadcrumb\":{\"@id\":\"https:\/\/rhexpert.com.br\/site\/contato\/#breadcrumb\"},\"inLanguage\":\"pt-BR\",\"potentialAction\":[{\"@type\":\"ReadAction\",\"target\":[\"https:\/\/rhexpert.com.br\/site\/contato\/\"]}]},{\"@type\":\"BreadcrumbList\",\"@id\":\"https:\/\/rhexpert.com.br\/site\/contato\/#breadcrumb\",\"itemListElement\":[{\"@type\":\"ListItem\",\"position\":1,\"name\":\"In\u00edcio\",\"item\":\"https:\/\/rhexpert.com.br\/site\/\"},{\"@type\":\"ListItem\",\"position\":2,\"name\":\"Contato\"}]},{\"@type\":\"WebSite\",\"@id\":\"https:\/\/rhexpert.com.br\/site\/#website\",\"url\":\"https:\/\/rhexpert.com.br\/site\/\",\"name\":\"RH Expert\",\"description\":\"Solu\u00e7\u00f5es de RH\",\"publisher\":{\"@id\":\"https:\/\/rhexpert.com.br\/site\/#organization\"},\"potentialAction\":[{\"@type\":\"SearchAction\",\"target\":{\"@type\":\"EntryPoint\",\"urlTemplate\":\"https:\/\/rhexpert.com.br\/site\/?s={search_term_string}\"},\"query-input\":{\"@type\":\"PropertyValueSpecification\",\"valueRequired\":true,\"valueName\":\"search_term_string\"}}],\"inLanguage\":\"pt-BR\"},{\"@type\":\"Organization\",\"@id\":\"https:\/\/rhexpert.com.br\/site\/#organization\",\"name\":\"RH Expert\",\"url\":\"https:\/\/rhexpert.com.br\/site\/\",\"logo\":{\"@type\":\"ImageObject\",\"inLanguage\":\"pt-BR\",\"@id\":\"https:\/\/rhexpert.com.br\/site\/#\/schema\/logo\/image\/\",\"url\":\"https:\/\/rhexpert.com.br\/site\/wp-content\/uploads\/2025\/03\/IMG_0479-removebg-preview-2.png\",\"contentUrl\":\"https:\/\/rhexpert.com.br\/site\/wp-content\/uploads\/2025\/03\/IMG_0479-removebg-preview-2.png\",\"width\":72,\"height\":74,\"caption\":\"RH Expert\"},\"image\":{\"@id\":\"https:\/\/rhexpert.com.br\/site\/#\/schema\/logo\/image\/\"}}]}<\/script>\n<!-- \/ Yoast SEO plugin. -->","yoast_head_json":{"title":"Contato - RH Expert","robots":{"index":"index","follow":"follow","max-snippet":"max-snippet:-1","max-image-preview":"max-image-preview:large","max-video-preview":"max-video-preview:-1"},"canonical":"https:\/\/rhexpert.com.br\/site\/contato\/","og_locale":"pt_BR","og_type":"article","og_title":"Contato - RH Expert","og_description":"Iniciar uma Conversa Entre em Contato Agora Precisa de aconselhamento personalizado? Nossa equipe dedicada est\u00e1 aqui para ajudar voc\u00ea. Entre em contato hoje mesmo para receber suporte especializado e solu\u00e7\u00f5es sob medida para suas necessidades. Endere\u00e7o de E-mail contato@rhexpert.com.br Telefone +55 21 99878-8080","og_url":"https:\/\/rhexpert.com.br\/site\/contato\/","og_site_name":"RH Expert","article_modified_time":"2025-04-28T17:51:59+00:00","twitter_card":"summary_large_image","twitter_misc":{"Est. tempo de leitura":"1 minuto"},"schema":{"@context":"https:\/\/schema.org","@graph":[{"@type":"WebPage","@id":"https:\/\/rhexpert.com.br\/site\/contato\/","url":"https:\/\/rhexpert.com.br\/site\/contato\/","name":"Contato - RH Expert","isPartOf":{"@id":"https:\/\/rhexpert.com.br\/site\/#website"},"datePublished":"2024-05-21T05:04:14+00:00","dateModified":"2025-04-28T17:51:59+00:00","breadcrumb":{"@id":"https:\/\/rhexpert.com.br\/site\/contato\/#breadcrumb"},"inLanguage":"pt-BR","potentialAction":[{"@type":"ReadAction","target":["https:\/\/rhexpert.com.br\/site\/contato\/"]}]},{"@type":"BreadcrumbList","@id":"https:\/\/rhexpert.com.br\/site\/contato\/#breadcrumb","itemListElement":[{"@type":"ListItem","position":1,"name":"In\u00edcio","item":"https:\/\/rhexpert.com.br\/site\/"},{"@type":"ListItem","position":2,"name":"Contato"}]},{"@type":"WebSite","@id":"https:\/\/rhexpert.com.br\/site\/#website","url":"https:\/\/rhexpert.com.br\/site\/","name":"RH Expert","description":"Solu\u00e7\u00f5es de RH","publisher":{"@id":"https:\/\/rhexpert.com.br\/site\/#organization"},"potentialAction":[{"@type":"SearchAction","target":{"@type":"EntryPoint","urlTemplate":"https:\/\/rhexpert.com.br\/site\/?s={search_term_string}"},"query-input":{"@type":"PropertyValueSpecification","valueRequired":true,"valueName":"search_term_string"}}],"inLanguage":"pt-BR"},{"@type":"Organization","@id":"https:\/\/rhexpert.com.br\/site\/#organization","name":"RH Expert","url":"https:\/\/rhexpert.com.br\/site\/","logo":{"@type":"ImageObject","inLanguage":"pt-BR","@id":"https:\/\/rhexpert.com.br\/site\/#\/schema\/logo\/image\/","url":"https:\/\/rhexpert.com.br\/site\/wp-content\/uploads\/2025\/03\/IMG_0479-removebg-preview-2.png","contentUrl":"https:\/\/rhexpert.com.br\/site\/wp-content\/uploads\/2025\/03\/IMG_0479-removebg-preview-2.png","width":72,"height":74,"caption":"RH Expert"},"image":{"@id":"https:\/\/rhexpert.com.br\/site\/#\/schema\/logo\/image\/"}}]}},"_links":{"self":[{"href":"https:\/\/rhexpert.com.br\/site\/wp-json\/wp\/v2\/pages\/21","targetHints":{"allow":["GET"]}}],"collection":[{"href":"https:\/\/rhexpert.com.br\/site\/wp-json\/wp\/v2\/pages"}],"about":[{"href":"https:\/\/rhexpert.com.br\/site\/wp-json\/wp\/v2\/types\/page"}],"author":[{"embeddable":true,"href":"https:\/\/rhexpert.com.br\/site\/wp-json\/wp\/v2\/users\/1"}],"replies":[{"embeddable":true,"href":"https:\/\/rhexpert.com.br\/site\/wp-json\/wp\/v2\/comments?post=21"}],"version-history":[{"count":19,"href":"https:\/\/rhexpert.com.br\/site\/wp-json\/wp\/v2\/pages\/21\/revisions"}],"predecessor-version":[{"id":6564,"href":"https:\/\/rhexpert.com.br\/site\/wp-json\/wp\/v2\/pages\/21\/revisions\/6564"}],"wp:attachment":[{"href":"https:\/\/rhexpert.com.br\/site\/wp-json\/wp\/v2\/media?parent=21"}],"curies":[{"name":"wp","href":"https:\/\/api.w.org\/{rel}","templated":true}]}}